{"id":4378984980,"date":"2024-09-05T17:08:04","date_gmt":"2024-09-05T20:08:04","guid":{"rendered":"https:\/\/sonorus.cosway.com.br\/?post_type=product&#038;p=4378984980"},"modified":"2025-10-02T19:34:27","modified_gmt":"2025-10-02T22:34:27","slug":"sonorus-deluxe-edition","status":"publish","type":"product","link":"https:\/\/sonorus.cosway.com.br\/es\/software\/sonorus-edicion-de-lujo\/","title":{"rendered":"Edici\u00f3n de lujo de Sonorus"},"content":{"rendered":"<p>Lleva tu simulaci\u00f3n de vuelo al m\u00e1ximo nivel de realismo con la Edici\u00f3n Deluxe de Sonorus. Creada espec\u00edficamente para pilotos virtuales exigentes, esta versi\u00f3n mejorada ofrece una inmersi\u00f3n inigualable en Microsoft Flight Simulator 2020, realzando cada detalle de tu vuelo con audio de alta calidad y funciones exclusivas, adem\u00e1s de actualizaciones continuas que garantizan contenido nuevo.<\/p>\n<p><strong>Caracter\u00edsticas principales:<\/strong><\/p>\n<ul>\n<li><strong>+60 <\/strong><strong>Aerol\u00edneas globales, cl\u00e1sicas y virtuales (VA):<\/strong> Disfrute de audio personalizado para m\u00e1s de 100 aerol\u00edneas diferentes, incluyendo aerol\u00edneas actuales y tradicionales, e incluso aerol\u00edneas virtuales (AV). Explore nuevas dimensiones de la aviaci\u00f3n virtual con audio que captura la esencia tanto de aerol\u00edneas hist\u00f3ricas como de AV innovadoras.<\/li>\n<li><strong>+50 Escuchas de Aire en Tiempo Real:<\/strong> Sum\u00e9rgete en las comunicaciones en tiempo real entre pilotos y torres de control, con m\u00e1s de 100 opciones de escucha a\u00e9rea. Con cada vuelo, si\u00e9ntete parte de una red global de aviaci\u00f3n, donde cada conversaci\u00f3n traslada la realidad del cielo a tu simulaci\u00f3n.<\/li>\n<li><strong>+200 Destinos Nacionales e Internacionales:<\/strong> Explore un mundo vasto con audio espec\u00edfico para 200 destinos, incluidas variaciones locales y regionales que agregan matices culturales y autenticidad a cada vuelo.<\/li>\n<li><strong>Personalizaci\u00f3n avanzada mediante paquetes de audio:<\/strong> Personaliza tu experiencia de sonido con paquetes de audio dedicados que te permiten elegir y modificar sonidos seg\u00fan las diferentes fases del vuelo, estilos de comunicaci\u00f3n y preferencias personales. Crea la atm\u00f3sfera perfecta para cada viaje adaptando el audio a tu gusto.<\/li>\n<li><strong>Actualizaciones continuas:<\/strong> Mant\u00e9n tu experiencia al d\u00eda con el sistema de actualizaciones continuas. Se a\u00f1aden nuevas pistas de audio, aerol\u00edneas, grabaciones de vuelos y destinos con regularidad, lo que te garantiza que siempre tendr\u00e1s algo nuevo que explorar.<\/li>\n<li><strong>Integraci\u00f3n autom\u00e1tica con Flight Simulator:<\/strong> Sonorus Deluxe Edition se integra autom\u00e1ticamente con Microsoft Flight Simulator 2020, sincronizando el audio y los eventos en tiempo real sin necesidad de configuraci\u00f3n manual. Cada anuncio, comunicaci\u00f3n y sonido se ajusta perfectamente a tu simulaci\u00f3n, proporcionando una experiencia a\u00fan m\u00e1s fluida e inmersiva. <span style=\"color: #ff0000;\">(Dentro de poco)<\/span><\/li>\n<li><strong>Pago mensual:<\/strong> La Edici\u00f3n Deluxe de Sonorus est\u00e1 disponible mediante un plan de suscripci\u00f3n mensual. Esto garantiza acceso continuo a todas las actualizaciones y nuevos contenidos conforme se publiquen, ofreciendo una experiencia de simulaci\u00f3n en constante evoluci\u00f3n.<\/li>\n<li><strong>Soporte Premium:<\/strong> Obtenga acceso a soporte prioritario con expertos dedicados para ayudarlo con cualquier pregunta o problema t\u00e9cnico, lo que garantiza que aproveche al m\u00e1ximo Sonorus Deluxe Edition.<\/li>\n<\/ul>\n<p>Una vez confirmado el pago, recibir\u00e1s tu clave de activaci\u00f3n por correo electr\u00f3nico, lo que te permitir\u00e1 empezar a usar Sonorus Deluxe Edition de inmediato. Con una instalaci\u00f3n r\u00e1pida y sencilla, estar\u00e1s listo en minutos.<\/p>\n<p>La Sonorus Deluxe Edition transforma cada vuelo en una experiencia memorable, detallada, inmersiva y en constante evoluci\u00f3n, ofreciendo un nivel de realismo que redefine lo que es posible en Microsoft Flight Simulator 2020. Con un plan de suscripci\u00f3n mensual, puedes asegurarte de que tu simulaci\u00f3n de vuelo est\u00e9 siempre en su mejor momento.<\/p>","protected":false},"excerpt":{"rendered":"<p>Mejore su experiencia en Flight Simulator con audio realista en cabina de las principales aerol\u00edneas de Brasil. Sonorus Deluxe Edition ofrece una experiencia de audio inmersiva en la cabina de mando para simuladores de vuelo, brindando un realismo y una calidad inigualables.<\/p>","protected":false},"featured_media":4378984981,"comment_status":"open","ping_status":"closed","template":"","meta":{"_acf_changed":false,"_monsterinsights_skip_tracking":false,"_monsterinsights_sitenote_active":false,"_monsterinsights_sitenote_note":"","_monsterinsights_sitenote_category":0},"product_brand":[],"product_cat":[18],"product_tag":[],"class_list":{"0":"post-4378984980","1":"product","2":"type-product","3":"status-publish","4":"has-post-thumbnail","6":"product_cat-software","8":"first","9":"instock","10":"downloadable","11":"virtual","12":"sold-individually","13":"purchasable","14":"product-type-subscription"},"acf":[],"aioseo_notices":[],"_links":{"self":[{"href":"https:\/\/sonorus.cosway.com.br\/es\/wp-json\/wp\/v2\/product\/4378984980","targetHints":{"allow":["GET"]}}],"collection":[{"href":"https:\/\/sonorus.cosway.com.br\/es\/wp-json\/wp\/v2\/product"}],"about":[{"href":"https:\/\/sonorus.cosway.com.br\/es\/wp-json\/wp\/v2\/types\/product"}],"replies":[{"embeddable":true,"href":"https:\/\/sonorus.cosway.com.br\/es\/wp-json\/wp\/v2\/comments?post=4378984980"}],"wp:featuredmedia":[{"embeddable":true,"href":"https:\/\/sonorus.cosway.com.br\/es\/wp-json\/wp\/v2\/media\/4378984981"}],"wp:attachment":[{"href":"https:\/\/sonorus.cosway.com.br\/es\/wp-json\/wp\/v2\/media?parent=4378984980"}],"wp:term":[{"taxonomy":"product_brand","embeddable":true,"href":"https:\/\/sonorus.cosway.com.br\/es\/wp-json\/wp\/v2\/product_brand?post=4378984980"},{"taxonomy":"product_cat","embeddable":true,"href":"https:\/\/sonorus.cosway.com.br\/es\/wp-json\/wp\/v2\/product_cat?post=4378984980"},{"taxonomy":"product_tag","embeddable":true,"href":"https:\/\/sonorus.cosway.com.br\/es\/wp-json\/wp\/v2\/product_tag?post=4378984980"}],"curies":[{"name":"wp","href":"https:\/\/api.w.org\/{rel}","templated":true}]}}