{"id":11,"date":"2024-07-26T19:29:43","date_gmt":"2024-07-26T22:29:43","guid":{"rendered":"https:\/\/cosway.com.br\/my-account\/"},"modified":"2024-10-19T18:39:51","modified_gmt":"2024-10-19T21:39:51","slug":"minha-conta","status":"publish","type":"page","link":"https:\/\/sonorus.cosway.com.br\/ja\/\u79c1\u306e\u30a2\u30ab\u30a6\u30f3\u30c8\/","title":{"rendered":"\u79c1\u306e\u30a2\u30ab\u30a6\u30f3\u30c8"},"content":{"rendered":"<div data-elementor-type=\"wp-page\" data-elementor-id=\"11\" class=\"elementor elementor-11\" data-elementor-post-type=\"page\">\n\t\t\t\t<div class=\"elementor-element elementor-element-551c077 e-flex e-con-boxed e-con e-parent\" data-id=\"551c077\" data-element_type=\"container\" data-e-type=\"container\" data-settings=\"{&quot;background_background&quot;:&quot;classic&quot;}\">\n\t\t\t\t\t<div class=\"e-con-inner\">\n\t\t\t\t<div class=\"elementor-element elementor-element-3028867 elementor-icon-list--layout-inline elementor-align-center elementor-list-item-link-full_width elementor-invisible elementor-widget elementor-widget-icon-list\" data-id=\"3028867\" data-element_type=\"widget\" data-e-type=\"widget\" data-settings=\"{&quot;_animation&quot;:&quot;fadeIn&quot;,&quot;_animation_delay&quot;:200}\" data-widget_type=\"icon-list.default\">\n\t\t\t\t<div class=\"elementor-widget-container\">\n\t\t\t\t\t\t\t<ul class=\"elementor-icon-list-items elementor-inline-items\">\n\t\t\t\t\t\t\t<li class=\"elementor-icon-list-item elementor-inline-item\">\n\t\t\t\t\t\t\t\t\t\t\t<a href=\"#\">\n\n\t\t\t\t\t\t\t\t\t\t\t<span class=\"elementor-icon-list-text\">\u5bb6<\/span>\n\t\t\t\t\t\t\t\t\t\t\t<\/a>\n\t\t\t\t\t\t\t\t\t<\/li>\n\t\t\t\t\t\t\t\t<li class=\"elementor-icon-list-item elementor-inline-item\">\n\t\t\t\t\t\t\t\t\t\t\t<a href=\"#\">\n\n\t\t\t\t\t\t\t\t\t\t\t\t<span class=\"elementor-icon-list-icon\">\n\t\t\t\t\t\t\t<i aria-hidden=\"true\" class=\"icon icon-arrow-right\"><\/i>\t\t\t\t\t\t<\/span>\n\t\t\t\t\t\t\t\t\t\t<span class=\"elementor-icon-list-text\"><\/span>\n\t\t\t\t\t\t\t\t\t\t\t<\/a>\n\t\t\t\t\t\t\t\t\t<\/li>\n\t\t\t\t\t\t<\/ul>\n\t\t\t\t\t\t<\/div>\n\t\t\t\t<\/div>\n\t\t\t\t\t<\/div>\n\t\t\t\t<\/div>\n\t\t<div class=\"elementor-element elementor-element-2436918c e-flex e-con-boxed e-con e-parent\" data-id=\"2436918c\" data-element_type=\"container\" data-e-type=\"container\">\n\t\t\t\t\t<div class=\"e-con-inner\">\n\t\t\t\t<div class=\"elementor-element elementor-element-37124f8 e-my-account-tabs-horizontal elementor-widget elementor-widget-woocommerce-my-account\" data-id=\"37124f8\" data-element_type=\"widget\" data-e-type=\"widget\" data-widget_type=\"woocommerce-my-account.default\">\n\t\t\t\t<div class=\"elementor-widget-container\">\n\t\t\t\t\t<div class=\"e-my-account-tab e-my-account-tab__\">\t\t\t<div class=\"woocommerce\"><div class=\"woocommerce-notices-wrapper\"><\/div>\n\n<div class=\"u-columns col2-set\" id=\"customer_login\">\n\n\t<div class=\"u-column1 col-1\">\n\n\n\t\t<h2 data-no-translation=\"\" data-trp-gettext=\"\">\u30ed\u30b0\u30a4\u30f3<\/h2>\n\n\t\t<form class=\"woocommerce-form woocommerce-form-login login\" method=\"post\" novalidate action=\"\">\n\n\t\t\t\n\t\t\t<p class=\"woocommerce-form-row woocommerce-form-row--wide form-row form-row-wide\">\n\t\t\t\t<label for=\"username\">\u30e6\u30fc\u30b6\u30fc\u540d\u307e\u305f\u306f\u30e1\u30fc\u30eb\u30a2\u30c9\u30ec\u30b9&nbsp;<span class=\"required\" aria-hidden=\"true\">*<\/span><span class=\"screen-reader-text\" data-no-translation=\"\" data-trp-gettext=\"\">\u5fc5\u9808<\/span><\/label>\n\t\t\t\t<input type=\"text\" class=\"woocommerce-Input woocommerce-Input--text input-text\" name=\"username\" id=\"username\" autocomplete=\"username\" value=\"\" required aria-required=\"true\" \/>\t\t\t<\/p>\n\t\t\t<p class=\"woocommerce-form-row woocommerce-form-row--wide form-row form-row-wide\">\n\t\t\t\t<label for=\"password\">\u30d1\u30b9\u30ef\u30fc\u30c9&nbsp;<span class=\"required\" aria-hidden=\"true\">*<\/span><span class=\"screen-reader-text\" data-no-translation=\"\" data-trp-gettext=\"\">\u5fc5\u9808<\/span><\/label>\n\t\t\t\t<input class=\"woocommerce-Input woocommerce-Input--text input-text\" type=\"password\" name=\"password\" id=\"password\" autocomplete=\"current-password\" required aria-required=\"true\" \/>\n\t\t\t<\/p>\n\n\t\t\t\n\t\t\t<p class=\"form-row\">\n\t\t\t\t<label class=\"woocommerce-form__label woocommerce-form__label-for-checkbox woocommerce-form-login__rememberme\">\n\t\t\t\t\t<input class=\"woocommerce-form__input woocommerce-form__input-checkbox\" name=\"rememberme\" type=\"checkbox\" id=\"rememberme\" value=\"forever\" \/> <span data-no-translation=\"\" data-trp-gettext=\"\">\u30ed\u30b0\u30a4\u30f3\u72b6\u614b\u3092\u4fdd\u5b58<\/span>\n\t\t\t\t<\/label>\n\t\t\t\t<input type=\"hidden\" id=\"woocommerce-login-nonce\" name=\"woocommerce-login-nonce\" value=\"4943dc397d\" \/><input type=\"hidden\" name=\"_wp_http_referer\" value=\"\/ja\/wp-json\/wp\/v2\/pages\/11\" \/>\t\t\t\t<button type=\"submit\" class=\"woocommerce-button button woocommerce-form-login__submit\" name=\"login\" value=\"\u30ed\u30b0\u30a4\u30f3\" data-no-translation=\"\" data-trp-gettext=\"\" data-no-translation-value=\"\">\u30ed\u30b0\u30a4\u30f3<\/button>\n\t\t\t<\/p>\n\t\t\t<p class=\"woocommerce-LostPassword lost_password\">\n\t\t\t\t<a href=\"https:\/\/sonorus.cosway.com.br\/ja\/\u79c1\u306e\u30a2\u30ab\u30a6\u30f3\u30c8\/lost-password\/\" data-no-translation=\"\" data-trp-gettext=\"\">\u30d1\u30b9\u30ef\u30fc\u30c9\u3092\u304a\u5fd8\u308c\u3067\u3059\u304b ?<\/a>\n\t\t\t<\/p>\n\n\t\t\t\n\t\t<input type=\"hidden\" name=\"trp-form-language\" value=\"ja\"\/><\/form>\n\n\n\t<\/div>\n\n\t<div class=\"u-column2 col-2\">\n\n\t\t<h2 data-no-translation=\"\" data-trp-gettext=\"\">\u767b\u9332<\/h2>\n\n\t\t<form method=\"post\" class=\"woocommerce-form woocommerce-form-register register\" action=\"\"  >\n\n\t\t\t\n\t\t\t\n\t\t\t<p class=\"woocommerce-form-row woocommerce-form-row--wide form-row form-row-wide\">\n\t\t\t\t<label for=\"reg_email\">\u30e1\u30fc\u30eb\u30a2\u30c9\u30ec\u30b9&nbsp;<span class=\"required\" aria-hidden=\"true\">*<\/span><span class=\"screen-reader-text\" data-no-translation=\"\" data-trp-gettext=\"\">\u5fc5\u9808<\/span><\/label>\n\t\t\t\t<input type=\"email\" class=\"woocommerce-Input woocommerce-Input--text input-text\" name=\"email\" id=\"reg_email\" autocomplete=\"email\" value=\"\" required aria-required=\"true\" \/>\t\t\t<\/p>\n\n\t\t\t\n\t\t\t\t<p class=\"woocommerce-form-row woocommerce-form-row--wide form-row form-row-wide\">\n\t\t\t\t\t<label for=\"reg_password\">\u30d1\u30b9\u30ef\u30fc\u30c9&nbsp;<span class=\"required\" aria-hidden=\"true\">*<\/span><span class=\"screen-reader-text\" data-no-translation=\"\" data-trp-gettext=\"\">\u5fc5\u9808<\/span><\/label>\n\t\t\t\t\t<input type=\"password\" class=\"woocommerce-Input woocommerce-Input--text input-text\" name=\"password\" id=\"reg_password\" autocomplete=\"new-password\" required aria-required=\"true\" \/>\n\t\t\t\t<\/p>\n\n\t\t\t\n\t\t\t<div class=\"woocommerce-privacy-policy-text\"><p>\u3042\u306a\u305f\u306e\u500b\u4eba\u30c7\u30fc\u30bf\u306f\u3001\u3053\u306e\u30a6\u30a7\u30d6\u30b5\u30a4\u30c8\u5168\u4f53\u3067\u306e\u3042\u306a\u305f\u306e\u30a8\u30af\u30b9\u30da\u30ea\u30a8\u30f3\u30b9\u3092\u30b5\u30dd\u30fc\u30c8\u3059\u308b\u305f\u3081\u3001\u30a2\u30ab\u30a6\u30f3\u30c8\u3078\u306e\u30a2\u30af\u30bb\u30b9\u3092\u7ba1\u7406\u3059\u308b\u305f\u3081\u3001\u304a\u3088\u3073\u5f53\u793e\u306e\u8aac\u660e\u306b\u8a18\u8f09\u3055\u308c\u3066\u3044\u308b\u305d\u306e\u4ed6\u306e\u76ee\u7684\u306e\u305f\u3081\u306b\u4f7f\u7528\u3055\u308c\u307e\u3059\u3002 <a href=\"\" class=\"woocommerce-privacy-policy-link\" target=\"_blank\" data-no-translation=\"\" data-trp-gettext=\"\">\u30d7\u30e9\u30a4\u30d0\u30b7\u30fc\u30dd\u30ea\u30b7\u30fc<\/a>.<\/p>\n<\/div>\n\t\t\t<p class=\"woocommerce-form-row form-row\">\n\t\t\t\t<input type=\"hidden\" id=\"woocommerce-register-nonce\" name=\"woocommerce-register-nonce\" value=\"9a4a5a9aa1\" \/><input type=\"hidden\" name=\"_wp_http_referer\" value=\"\/ja\/wp-json\/wp\/v2\/pages\/11\" \/>\t\t\t\t<button type=\"submit\" class=\"woocommerce-Button woocommerce-button button woocommerce-form-register__submit\" name=\"register\" value=\"\u767b\u9332\" data-no-translation=\"\" data-trp-gettext=\"\" data-no-translation-value=\"\">\u767b\u9332<\/button>\n\t\t\t<\/p>\n\n\t\t\t\n\t\t<input type=\"hidden\" name=\"trp-form-language\" value=\"ja\"\/><\/form>\n\n\t<\/div>\n\n<\/div>\n\n<\/div>\t\t<\/div>\n\t\t\t\t\t\t<\/div>\n\t\t\t\t<\/div>\n\t\t\t\t\t<\/div>\n\t\t\t\t<\/div>\n\t\t\t\t<\/div>","protected":false},"excerpt":{"rendered":"<p>Home Painel Pedidos Suporte Endere\u00e7o M\u00e9todos de pagamento Conta Sair Painel Pedidos Suporte Endere\u00e7o M\u00e9todos de pagamento Conta Sair Ol\u00e1, Sonorus (n\u00e3o \u00e9 Sonorus? Sair) A partir do painel de controle de sua conta, voc\u00ea pode ver suas compras recentes, gerenciar seus endere\u00e7os de entrega e faturamento, e editar sua senha e detalhes da conta. Resetar Licen\u00e7a O sistema Sonorus utiliza uma licen\u00e7a vinculada ao seu dispositivo para funcionar corretamente. Isso significa que a licen\u00e7a \u00e9 ativada e associada ao seu computador espec\u00edfico. Por\u00e9m, caso voc\u00ea troque de computador ou precise ativar a licen\u00e7a em um novo dispositivo, \u00e9 necess\u00e1rio resetar a licen\u00e7a. Resetar Licen\u00e7a<\/p>","protected":false},"author":1,"featured_media":0,"parent":0,"menu_order":0,"comment_status":"closed","ping_status":"closed","template":"","meta":{"_acf_changed":false,"_monsterinsights_skip_tracking":false,"_monsterinsights_sitenote_active":false,"_monsterinsights_sitenote_note":"","_monsterinsights_sitenote_category":0,"footnotes":""},"class_list":["post-11","page","type-page","status-publish","hentry"],"acf":[],"aioseo_notices":[],"_links":{"self":[{"href":"https:\/\/sonorus.cosway.com.br\/ja\/wp-json\/wp\/v2\/pages\/11","targetHints":{"allow":["GET"]}}],"collection":[{"href":"https:\/\/sonorus.cosway.com.br\/ja\/wp-json\/wp\/v2\/pages"}],"about":[{"href":"https:\/\/sonorus.cosway.com.br\/ja\/wp-json\/wp\/v2\/types\/page"}],"author":[{"embeddable":true,"href":"https:\/\/sonorus.cosway.com.br\/ja\/wp-json\/wp\/v2\/users\/1"}],"replies":[{"embeddable":true,"href":"https:\/\/sonorus.cosway.com.br\/ja\/wp-json\/wp\/v2\/comments?post=11"}],"version-history":[{"count":15,"href":"https:\/\/sonorus.cosway.com.br\/ja\/wp-json\/wp\/v2\/pages\/11\/revisions"}],"predecessor-version":[{"id":4378985600,"href":"https:\/\/sonorus.cosway.com.br\/ja\/wp-json\/wp\/v2\/pages\/11\/revisions\/4378985600"}],"wp:attachment":[{"href":"https:\/\/sonorus.cosway.com.br\/ja\/wp-json\/wp\/v2\/media?parent=11"}],"curies":[{"name":"wp","href":"https:\/\/api.w.org\/{rel}","templated":true}]}}